{"id":3885,"date":"2024-03-12T12:47:02","date_gmt":"2024-03-12T12:47:02","guid":{"rendered":"https:\/\/redumed-kaufen.ch\/produkt\/redumed-intensiv-180-kapseln\/"},"modified":"2025-05-09T16:01:30","modified_gmt":"2025-05-09T16:01:30","slug":"redumed-intensiv-180-kapseln","status":"publish","type":"product","link":"https:\/\/redumed-kaufen.ch\/fr\/produkt\/redumed-intensiv-180-kapseln\/","title":{"rendered":"ReduMed intensiv<br>(180 capsules pour 30 jours)"},"content":{"rendered":"<p><strong>ReduMed | Cure intensive en capsules (recommand\u00e9e en cas de surpoids de 9 \u00e0 20 kg)<\/strong><\/p>\n<p>ReduMed est un produit m\u00e9dical innovant permettant de perdre du poids rapidement et efficacement. Contrairement aux produits amincissants traditionnels, ReduMed permet de r\u00e9duire automatiquement les calories, les glucides, les graisses et les sucres pendant les repas. Il permet \u00e9galement de r\u00e9guler la digestion de la flore intestinale et d&rsquo;att\u00e9nuer la faim, ce qui en fait un produit efficace pour une perte de poids durable.  <\/p>\n<p>Gr\u00e2ce \u00e0 un m\u00e9lange brevet\u00e9 de microfibres v\u00e9g\u00e9tales, le complexe Akti Ball+ ReduMed utilise des fibres naturelles de pommes, d&rsquo;avoine et de carottes. Ce complexe forme dans le tractus gastro-intestinal un r\u00e9seau de fibres qui peut capter, lier et absorber jusqu&rsquo;\u00e0 75 % des calories de l&rsquo;alimentation. Les calories captur\u00e9es provenant des sucres, des graisses et des hydrates de carbone ne sont alors plus disponibles pour le corps, ce qui vous permet d&rsquo;acc\u00e9l\u00e9rer la perte de graisse et d&rsquo;affiner votre silhouette.  <\/p>\n<p>De plus, ReduMed r\u00e9active les bonnes bact\u00e9ries amincissantes de la flore intestinale, qui sont essentielles pour perdre du poids durablement sans reprendre de poids. Il peut \u00e9galement avoir un effet rassasiant jusqu&rsquo;\u00e0 4 heures et ainsi stopper les fringales, ce qui vous aide \u00e0 contr\u00f4ler vos habitudes alimentaires et \u00e0 maintenir votre poids sur le long terme. <\/p>\n","protected":false},"excerpt":{"rendered":"<p>Ce produit m\u00e9dical unique et naturel permet de r\u00e9duire rapidement votre poids et de le maintenir durablement. Gr\u00e2ce \u00e0 son complexe brevet\u00e9 Akti Ball+, \u00e0 base de plantes, il permet de r\u00e9duire l&rsquo;apport calorique des principaux nutriments, dont les graisses, les glucides et les sucres, d\u00e8s le repas. Il permet \u00e9galement de r\u00e9guler la digestion, d&rsquo;am\u00e9liorer la flore intestinale et de r\u00e9duire la faim.  <\/p>\n<p><span style=\"color: #02a1b4; font-size: 17px;\"><strong>Seulement dans la boutique en ligne ReduMed :<\/strong><\/span><br \/>\n<span style=\"font-size: 17px;\"> Droit de retour de 15 jours sur l&#8217;emballage entam\u00e9<br \/>\n<\/span><\/p>\n","protected":false},"featured_media":3692,"template":"","meta":[],"product_brand":[],"product_cat":[536],"product_tag":[],"class_list":{"0":"post-3885","1":"product","2":"type-product","3":"status-publish","4":"has-post-thumbnail","6":"product_cat-produits-medicaux-pour-perdre-du-poids","8":"first","9":"instock","10":"sale","11":"shipping-taxable","12":"purchasable","13":"product-type-simple","14":"prodpage-style3"},"_links":{"self":[{"href":"https:\/\/redumed-kaufen.ch\/fr\/wp-json\/wp\/v2\/product\/3885","targetHints":{"allow":["GET"]}}],"collection":[{"href":"https:\/\/redumed-kaufen.ch\/fr\/wp-json\/wp\/v2\/product"}],"about":[{"href":"https:\/\/redumed-kaufen.ch\/fr\/wp-json\/wp\/v2\/types\/product"}],"wp:featuredmedia":[{"embeddable":true,"href":"https:\/\/redumed-kaufen.ch\/fr\/wp-json\/wp\/v2\/media\/3692"}],"wp:attachment":[{"href":"https:\/\/redumed-kaufen.ch\/fr\/wp-json\/wp\/v2\/media?parent=3885"}],"wp:term":[{"taxonomy":"product_brand","embeddable":true,"href":"https:\/\/redumed-kaufen.ch\/fr\/wp-json\/wp\/v2\/product_brand?post=3885"},{"taxonomy":"product_cat","embeddable":true,"href":"https:\/\/redumed-kaufen.ch\/fr\/wp-json\/wp\/v2\/product_cat?post=3885"},{"taxonomy":"product_tag","embeddable":true,"href":"https:\/\/redumed-kaufen.ch\/fr\/wp-json\/wp\/v2\/product_tag?post=3885"}],"curies":[{"name":"wp","href":"https:\/\/api.w.org\/{rel}","templated":true}]}}